{"id":22,"date":"2021-07-16T14:45:46","date_gmt":"2021-07-16T12:45:46","guid":{"rendered":"http:\/\/acticoj.cluster029.hosting.ovh.net\/PR58459-ovh\/?page_id=22"},"modified":"2024-07-16T12:58:00","modified_gmt":"2024-07-16T10:58:00","slug":"contact","status":"publish","type":"page","link":"https:\/\/www.acticontrole.fr\/PR58459-ovh\/index.php\/contact\/","title":{"rendered":"Contact"},"content":{"rendered":"<p>[et_pb_section fb_built=\u00a0\u00bb1&Prime; specialty=\u00a0\u00bbon\u00a0\u00bb _builder_version=\u00a0\u00bb4.16&Prime; background_color=\u00a0\u00bb#cc4304&Prime; use_background_color_gradient=\u00a0\u00bbon\u00a0\u00bb background_color_gradient_direction=\u00a0\u00bb90deg\u00a0\u00bb background_color_gradient_stops=\u00a0\u00bbrgba(0,0,0,0.5) 0%|rgba(0,0,0,0) 100%\u00a0\u00bb background_color_gradient_overlays_image=\u00a0\u00bbon\u00a0\u00bb background_color_gradient_start=\u00a0\u00bbrgba(0,0,0,0.5)\u00a0\u00bb background_color_gradient_end=\u00a0\u00bbrgba(0,0,0,0)\u00a0\u00bb background_image=\u00a0\u00bbhttps:\/\/www.acticontrole.fr\/PR58459-ovh\/wp-content\/uploads\/2021\/07\/acticontrole.jpg\u00a0\u00bb positioning=\u00a0\u00bbnone\u00a0\u00bb custom_padding=\u00a0\u00bb101px|0px|101px|0px|true|false\u00a0\u00bb animation_direction=\u00a0\u00bbtop\u00a0\u00bb global_colors_info=\u00a0\u00bb{}\u00a0\u00bb][et_pb_column type=\u00a0\u00bb1_2&Prime; specialty_columns=\u00a0\u00bb2&Prime; _builder_version=\u00a0\u00bb4.16&Prime; custom_padding=\u00a0\u00bb|||\u00a0\u00bb global_colors_info=\u00a0\u00bb{}\u00a0\u00bb parallax__hover=\u00a0\u00bboff\u00a0\u00bb parallax_method__hover=\u00a0\u00bbon\u00a0\u00bb custom_padding__hover=\u00a0\u00bb|||\u00a0\u00bb][et_pb_row_inner _builder_version=\u00a0\u00bb4.16&Prime; width=\u00a0\u00bb100%\u00a0\u00bb global_colors_info=\u00a0\u00bb{}\u00a0\u00bb][et_pb_column_inner saved_specialty_column_type=\u00a0\u00bb1_2&Prime; _builder_version=\u00a0\u00bb4.16&Prime; custom_padding=\u00a0\u00bb|||\u00a0\u00bb global_colors_info=\u00a0\u00bb{}\u00a0\u00bb parallax__hover=\u00a0\u00bboff\u00a0\u00bb parallax_method__hover=\u00a0\u00bbon\u00a0\u00bb custom_padding__hover=\u00a0\u00bb|||\u00a0\u00bb][et_pb_text _builder_version=\u00a0\u00bb4.19.4&Prime; text_font=\u00a0\u00bbMuli||||||||\u00a0\u00bb text_text_color=\u00a0\u00bb#5499D4&Prime; text_font_size=\u00a0\u00bb16px\u00a0\u00bb header_font=\u00a0\u00bbPoppins|700|||||||\u00a0\u00bb header_text_align=\u00a0\u00bbleft\u00a0\u00bb header_text_color=\u00a0\u00bb#ffffff\u00a0\u00bb header_font_size=\u00a0\u00bb40px\u00a0\u00bb header_line_height=\u00a0\u00bb1.4em\u00a0\u00bb custom_padding=\u00a0\u00bb17px||\u00a0\u00bb header_font_size_tablet=\u00a0\u00bb\u00a0\u00bb header_font_size_phone=\u00a0\u00bb30px\u00a0\u00bb header_font_size_last_edited=\u00a0\u00bbon|desktop\u00a0\u00bb global_colors_info=\u00a0\u00bb{}\u00a0\u00bb]<\/p>\n<h1>Acticontrole\u00ae,<br \/>l\u2019expert technique et r\u00e9glementaire<br \/>des administrateurs de biens priv\u00e9s<br \/>Rh\u00f4ne Alpes Auvergne Contactez-nous !<\/h1>\n<p>[\/et_pb_text][et_pb_divider divider_weight=\u00a0\u00bb5px\u00a0\u00bb _builder_version=\u00a0\u00bb4.16&Prime; max_width=\u00a0\u00bb38%\u00a0\u00bb custom_padding=\u00a0\u00bb3px||\u00a0\u00bb global_colors_info=\u00a0\u00bb{}\u00a0\u00bb][\/et_pb_divider][\/et_pb_column_inner][\/et_pb_row_inner][\/et_pb_column][et_pb_column type=\u00a0\u00bb1_2&Prime; _builder_version=\u00a0\u00bb4.16&Prime; custom_padding=\u00a0\u00bb|||\u00a0\u00bb global_colors_info=\u00a0\u00bb{}\u00a0\u00bb parallax__hover=\u00a0\u00bboff\u00a0\u00bb parallax_method__hover=\u00a0\u00bbon\u00a0\u00bb custom_padding__hover=\u00a0\u00bb|||\u00a0\u00bb][\/et_pb_column][\/et_pb_section][et_pb_section fb_built=\u00a0\u00bb1&Prime; _builder_version=\u00a0\u00bb4.16&Prime; _module_preset=\u00a0\u00bbdefault\u00a0\u00bb background_color=\u00a0\u00bb#464b56&Prime; custom_padding=\u00a0\u00bb0px||0px|||\u00a0\u00bb global_colors_info=\u00a0\u00bb{}\u00a0\u00bb][et_pb_row _builder_version=\u00a0\u00bb4.16&Prime; _module_preset=\u00a0\u00bbdefault\u00a0\u00bb global_colors_info=\u00a0\u00bb{}\u00a0\u00bb][et_pb_column type=\u00a0\u00bb4_4&Prime; _builder_version=\u00a0\u00bb4.16&Prime; _module_preset=\u00a0\u00bbdefault\u00a0\u00bb global_colors_info=\u00a0\u00bb{}\u00a0\u00bb][et_pb_text _builder_version=\u00a0\u00bb4.19.4&Prime; _module_preset=\u00a0\u00bbdefault\u00a0\u00bb header_2_font=\u00a0\u00bb|700|||||||\u00a0\u00bb header_2_text_align=\u00a0\u00bbcenter\u00a0\u00bb header_2_text_color=\u00a0\u00bb#db8f1b\u00a0\u00bb header_2_font_size=\u00a0\u00bb28px\u00a0\u00bb header_2_line_height=\u00a0\u00bb1.3em\u00a0\u00bb global_colors_info=\u00a0\u00bb{}\u00a0\u00bb]<\/p>\n<h2 style=\"text-align: left;\">Une agence acticontrole\u00ae est organis\u00e9e comme une PME ! Chaque agence d\u2019environ 20 collaborateurs est autonome dans la planification de ses interventions. Cette agilit\u00e9 permet \u00e0 nos clients d\u2019\u00eatre servis avec pragmatisme, bon sens et robustesse.<\/h2>\n<p>[\/et_pb_text][\/et_pb_column][\/et_pb_row][\/et_pb_section][et_pb_section fb_built=\u00a0\u00bb1&Prime; _builder_version=\u00a0\u00bb4.16&Prime; _module_preset=\u00a0\u00bbdefault\u00a0\u00bb global_colors_info=\u00a0\u00bb{}\u00a0\u00bb][et_pb_row _builder_version=\u00a0\u00bb4.16&Prime; _module_preset=\u00a0\u00bbdefault\u00a0\u00bb global_colors_info=\u00a0\u00bb{}\u00a0\u00bb][et_pb_column type=\u00a0\u00bb4_4&Prime; _builder_version=\u00a0\u00bb4.16&Prime; _module_preset=\u00a0\u00bbdefault\u00a0\u00bb global_colors_info=\u00a0\u00bb{}\u00a0\u00bb][et_pb_text _builder_version=\u00a0\u00bb4.16&Prime; _module_preset=\u00a0\u00bbdefault\u00a0\u00bb text_font=\u00a0\u00bb|700|||||||\u00a0\u00bb text_text_color=\u00a0\u00bb#464b56&Prime; text_font_size=\u00a0\u00bb28px\u00a0\u00bb global_colors_info=\u00a0\u00bb{}\u00a0\u00bb]<\/p>\n<p>Envoyez-nous votre demande :<\/p>\n<p>[\/et_pb_text][et_pb_code _builder_version=\u00a0\u00bb4.19.4&Prime; _module_preset=\u00a0\u00bbdefault\u00a0\u00bb text_orientation=\u00a0\u00bbleft\u00a0\u00bb global_colors_info=\u00a0\u00bb{}\u00a0\u00bb]<!--  ----------------------------------------------------------------------  --><!-- [et_pb_line_break_holder] --><!--  REMARQUE : Ajoutez l'\u00e9l\u00e9ment suivant <FORM> \u00e0 votre page.               --><!-- [et_pb_line_break_holder] --><!--  ----------------------------------------------------------------------  --><!-- [et_pb_line_break_holder] --><!-- [et_pb_line_break_holder] --><\/p>\n<form action=\"https:\/\/webto.salesforce.com\/servlet\/servlet.WebToCase?encoding=UTF-8\" method=\"POST\"><!-- [et_pb_line_break_holder] --><!-- [et_pb_line_break_holder] --><input type=hidden name=\"orgid\" value=\"00D1r000000U1ct\"><!-- [et_pb_line_break_holder] --><input type=hidden name=\"retURL\" value=\"http:\/\/www.acticontrole.fr\"><!-- [et_pb_line_break_holder] --><!-- [et_pb_line_break_holder] --><!--  ----------------------------------------------------------------------  --><!-- [et_pb_line_break_holder] --><!--  REMARQUE : Ces champs sont des \u00e9l\u00e9ments de d\u00e9bogage facultatifs.        --><!-- [et_pb_line_break_holder] --><!--  N'ins\u00e9rez aucun commentaire sur ces lignes si vous voulez tester en     --><!-- [et_pb_line_break_holder] --><!--  mode d\u00e9bogage.                                                          --><!-- [et_pb_line_break_holder] --><!--  <input type=\"hidden\" name=\"debug\" value=1>                              --><!-- [et_pb_line_break_holder] --><!--  <input type=\"hidden\" name=\"debugEmail\"                                  --><!-- [et_pb_line_break_holder] --><!--  value=\"romaric.piette@acticontrole.fr\">                                 --><!-- [et_pb_line_break_holder] --><!--  ----------------------------------------------------------------------  --><!-- [et_pb_line_break_holder] --><!-- [et_pb_line_break_holder] --><label for=\"name\">Votre nom: <!\u2013- [et_pb_br_holder] -\u2013><\/label><input  id=\"name\" maxlength=\"80\" name=\"name\" size=\"20\" type=\"text\" \/><!\u2013- [et_pb_br_holder] -\u2013><!-- [et_pb_line_break_holder] --><!\u2013- [et_pb_br_holder] -\u2013><!-- [et_pb_line_break_holder] -->  <!-- [et_pb_line_break_holder] --><label for=\"email\">Votre E-mail: <!\u2013- [et_pb_br_holder] -\u2013><\/label><input  id=\"email\" maxlength=\"80\" name=\"email\" size=\"20\" type=\"text\" \/><!\u2013- [et_pb_br_holder] -\u2013><!-- [et_pb_line_break_holder] --><!\u2013- [et_pb_br_holder] -\u2013><!-- [et_pb_line_break_holder] --><label for=\"phone\">Votre t\u00e9l\u00e9phone:<!\u2013- [et_pb_br_holder] -\u2013><\/label><input  id=\"phone\" maxlength=\"40\" name=\"phone\" size=\"20\" type=\"text\" \/><!\u2013- [et_pb_br_holder] -\u2013><!-- [et_pb_line_break_holder] --><!\u2013- [et_pb_br_holder] -\u2013><!-- [et_pb_line_break_holder] --><label for=\"subject\">L&rsquo;objet de votre demande:<!\u2013- [et_pb_br_holder] -\u2013> <\/label><input  id=\"subject\" maxlength=\"80\" name=\"subject\" size=\"20\" type=\"text\" \/><!\u2013- [et_pb_br_holder] -\u2013><!-- [et_pb_line_break_holder] --><!\u2013- [et_pb_br_holder] -\u2013><!-- [et_pb_line_break_holder] --><label for=\"description\">Commentaire d\u00e9taill\u00e9: <!\u2013- [et_pb_br_holder] -\u2013>   <\/label><textarea name=\"description\"><\/textarea><!\u2013- [et_pb_br_holder] -\u2013><!-- [et_pb_line_break_holder] --><!-- [et_pb_line_break_holder] --><input type=\"hidden\"  id=\"external\" name=\"external\" value=\"1\" \/><!\u2013- [et_pb_br_holder] -\u2013><!-- [et_pb_line_break_holder] --><!-- [et_pb_line_break_holder] --><input type=\"submit\" name=\"submit\"><!-- [et_pb_line_break_holder] --><!-- [et_pb_line_break_holder] --><\/form>\n<p><!-- [et_pb_line_break_holder] -->[\/et_pb_code][\/et_pb_column][\/et_pb_row][et_pb_row column_structure=\u00a0\u00bb1_2,1_2&Prime; _builder_version=\u00a0\u00bb4.16&Prime; _module_preset=\u00a0\u00bbdefault\u00a0\u00bb global_colors_info=\u00a0\u00bb{}\u00a0\u00bb][et_pb_column type=\u00a0\u00bb1_2&Prime; _builder_version=\u00a0\u00bb4.16&Prime; _module_preset=\u00a0\u00bbdefault\u00a0\u00bb global_colors_info=\u00a0\u00bb{}\u00a0\u00bb][et_pb_text _builder_version=\u00a0\u00bb4.26.1&Prime; _module_preset=\u00a0\u00bbdefault\u00a0\u00bb global_colors_info=\u00a0\u00bb{}\u00a0\u00bb]<\/p>\n<p style=\"text-align: left;\"><strong>Agence des Alpes<\/strong><br \/>5 Avenue du Pr\u00e9 Closet,<br \/>74940 Annecy le Vieux<br \/>Tel : 04 50 24 58 69<\/p>\n<p>[\/et_pb_text][et_pb_code _builder_version=\u00a0\u00bb4.26.1&Prime; _module_preset=\u00a0\u00bbdefault\u00a0\u00bb hover_enabled=\u00a0\u00bb0&Prime; global_colors_info=\u00a0\u00bb{}\u00a0\u00bb sticky_enabled=\u00a0\u00bb0&Prime;]<iframe src=\"https:\/\/www.google.com\/maps\/embed?pb=!1m18!1m12!1m3!1d2775.012678384854!2d6.167470612036213!3d45.93104640204824!2m3!1f0!2f0!3f0!3m2!1i1024!2i768!4f13.1!3m3!1m2!1s0x478b8f01b0f19f6d%3A0x1293beca75ac1c46!2s5%20Av.%20du%20Pr%C3%A9%20Closet%2C%2074940%20Annecy!5e0!3m2!1sfr!2sfr!4v1721127451630!5m2!1sfr!2sfr\" width=\"600\" height=\"450\" style=\"border:0;\" allowfullscreen=\"\" loading=\"lazy\" referrerpolicy=\"no-referrer-when-downgrade\"><\/iframe>[\/et_pb_code][\/et_pb_column][et_pb_column type=\u00a0\u00bb1_2&Prime; _builder_version=\u00a0\u00bb4.16&Prime; _module_preset=\u00a0\u00bbdefault\u00a0\u00bb global_colors_info=\u00a0\u00bb{}\u00a0\u00bb][et_pb_text _builder_version=\u00a0\u00bb4.16&Prime; _module_preset=\u00a0\u00bbdefault\u00a0\u00bb global_colors_info=\u00a0\u00bb{}\u00a0\u00bb]<\/p>\n<p style=\"text-align: left;\"><strong>Agence Vall\u00e9e du Rh\u00f4ne &#8211; Auvergne<\/strong><br \/>\nRue de la Perlerie, <\/br>Parc Salengro <\/br>69120 Vaulx en Velin<br \/>\nTel : 04 78 73 08 82<\/p>\n<p>[\/et_pb_text][et_pb_code _builder_version=\u00a0\u00bb4.16&Prime; _module_preset=\u00a0\u00bbdefault\u00a0\u00bb global_colors_info=\u00a0\u00bb{}\u00a0\u00bb]<iframe src=\"https:\/\/www.google.com\/maps\/embed?pb=!1m18!1m12!1m3!1d5568.217671364805!2d4.925639634887702!3d45.74896400000001!2m3!1f0!2f0!3f0!3m2!1i1024!2i768!4f13.1!3m3!1m2!1s0x41aac11d3de61153%3A0xb745960864c908c3!2sACTICONTROLE!5e0!3m2!1sfr!2sfr!4v1626193845459!5m2!1sfr!2sfr\" width=\"600\" height=\"450\" style=\"border:0;\" allowfullscreen=\"\" loading=\"lazy\"><\/iframe>[\/et_pb_code][\/et_pb_column][\/et_pb_row][\/et_pb_section]<\/p>\n","protected":false},"excerpt":{"rendered":"<p>Acticontrole\u00ae,l\u2019expert technique et r\u00e9glementairedes administrateurs de biens priv\u00e9sRh\u00f4ne Alpes Auvergne Contactez-nous !Une agence acticontrole\u00ae est organis\u00e9e comme une PME ! Chaque agence d\u2019environ 20 collaborateurs est autonome dans la planification de ses interventions. Cette agilit\u00e9 permet \u00e0 nos clients d\u2019\u00eatre servis avec pragmatisme, bon sens et robustesse.Envoyez-nous votre demande :Agence des Alpes5 Avenue du Pr\u00e9 [&hellip;]<\/p>\n","protected":false},"author":1,"featured_media":0,"parent":0,"menu_order":0,"comment_status":"closed","ping_status":"closed","template":"","meta":{"_et_pb_use_builder":"on","_et_pb_old_content":"","_et_gb_content_width":"","footnotes":""},"yoast_head":"<!-- This site is optimized with the Yoast SEO plugin v23.0 - https:\/\/yoast.com\/wordpress\/plugins\/seo\/ -->\n<title>Contact - Acticontrole<\/title>\n<meta name=\"robots\" content=\"index, follow, max-snippet:-1, max-image-preview:large, max-video-preview:-1\" \/>\n<link rel=\"canonical\" href=\"https:\/\/www.acticontrole.fr\/PR58459-ovh\/index.php\/contact\/\" \/>\n<meta property=\"og:locale\" content=\"fr_FR\" \/>\n<meta property=\"og:type\" content=\"article\" \/>\n<meta property=\"og:title\" content=\"Contact - Acticontrole\" \/>\n<meta property=\"og:description\" content=\"Acticontrole\u00ae,l\u2019expert technique et r\u00e9glementairedes administrateurs de biens priv\u00e9sRh\u00f4ne Alpes Auvergne Contactez-nous !Une agence acticontrole\u00ae est organis\u00e9e comme une PME ! Chaque agence d\u2019environ 20 collaborateurs est autonome dans la planification de ses interventions. Cette agilit\u00e9 permet \u00e0 nos clients d\u2019\u00eatre servis avec pragmatisme, bon sens et robustesse.Envoyez-nous votre demande :Agence des Alpes5 Avenue du Pr\u00e9 [&hellip;]\" \/>\n<meta property=\"og:url\" content=\"https:\/\/www.acticontrole.fr\/PR58459-ovh\/index.php\/contact\/\" \/>\n<meta property=\"og:site_name\" content=\"Acticontrole\" \/>\n<meta property=\"article:modified_time\" content=\"2024-07-16T10:58:00+00:00\" \/>\n<meta name=\"twitter:card\" content=\"summary_large_image\" \/>\n<meta name=\"twitter:label1\" content=\"Dur\u00e9e de lecture estim\u00e9e\" \/>\n\t<meta name=\"twitter:data1\" content=\"1 minute\" \/>\n<script type=\"application\/ld+json\" class=\"yoast-schema-graph\">{\"@context\":\"https:\/\/schema.org\",\"@graph\":[{\"@type\":\"WebPage\",\"@id\":\"https:\/\/www.acticontrole.fr\/PR58459-ovh\/index.php\/contact\/\",\"url\":\"https:\/\/www.acticontrole.fr\/PR58459-ovh\/index.php\/contact\/\",\"name\":\"Contact - Acticontrole\",\"isPartOf\":{\"@id\":\"https:\/\/www.acticontrole.fr\/PR58459-ovh\/#website\"},\"datePublished\":\"2021-07-16T12:45:46+00:00\",\"dateModified\":\"2024-07-16T10:58:00+00:00\",\"breadcrumb\":{\"@id\":\"https:\/\/www.acticontrole.fr\/PR58459-ovh\/index.php\/contact\/#breadcrumb\"},\"inLanguage\":\"fr-FR\",\"potentialAction\":[{\"@type\":\"ReadAction\",\"target\":[\"https:\/\/www.acticontrole.fr\/PR58459-ovh\/index.php\/contact\/\"]}]},{\"@type\":\"BreadcrumbList\",\"@id\":\"https:\/\/www.acticontrole.fr\/PR58459-ovh\/index.php\/contact\/#breadcrumb\",\"itemListElement\":[{\"@type\":\"ListItem\",\"position\":1,\"name\":\"Accueil\",\"item\":\"https:\/\/www.acticontrole.fr\/PR58459-ovh\/\"},{\"@type\":\"ListItem\",\"position\":2,\"name\":\"Contact\"}]},{\"@type\":\"WebSite\",\"@id\":\"https:\/\/www.acticontrole.fr\/PR58459-ovh\/#website\",\"url\":\"https:\/\/www.acticontrole.fr\/PR58459-ovh\/\",\"name\":\"Acticontrole\",\"description\":\"\",\"potentialAction\":[{\"@type\":\"SearchAction\",\"target\":{\"@type\":\"EntryPoint\",\"urlTemplate\":\"https:\/\/www.acticontrole.fr\/PR58459-ovh\/?s={search_term_string}\"},\"query-input\":\"required name=search_term_string\"}],\"inLanguage\":\"fr-FR\"}]}<\/script>\n<!-- \/ Yoast SEO plugin. -->","yoast_head_json":{"title":"Contact - Acticontrole","robots":{"index":"index","follow":"follow","max-snippet":"max-snippet:-1","max-image-preview":"max-image-preview:large","max-video-preview":"max-video-preview:-1"},"canonical":"https:\/\/www.acticontrole.fr\/PR58459-ovh\/index.php\/contact\/","og_locale":"fr_FR","og_type":"article","og_title":"Contact - Acticontrole","og_description":"Acticontrole\u00ae,l\u2019expert technique et r\u00e9glementairedes administrateurs de biens priv\u00e9sRh\u00f4ne Alpes Auvergne Contactez-nous !Une agence acticontrole\u00ae est organis\u00e9e comme une PME ! Chaque agence d\u2019environ 20 collaborateurs est autonome dans la planification de ses interventions. Cette agilit\u00e9 permet \u00e0 nos clients d\u2019\u00eatre servis avec pragmatisme, bon sens et robustesse.Envoyez-nous votre demande :Agence des Alpes5 Avenue du Pr\u00e9 [&hellip;]","og_url":"https:\/\/www.acticontrole.fr\/PR58459-ovh\/index.php\/contact\/","og_site_name":"Acticontrole","article_modified_time":"2024-07-16T10:58:00+00:00","twitter_card":"summary_large_image","twitter_misc":{"Dur\u00e9e de lecture estim\u00e9e":"1 minute"},"schema":{"@context":"https:\/\/schema.org","@graph":[{"@type":"WebPage","@id":"https:\/\/www.acticontrole.fr\/PR58459-ovh\/index.php\/contact\/","url":"https:\/\/www.acticontrole.fr\/PR58459-ovh\/index.php\/contact\/","name":"Contact - Acticontrole","isPartOf":{"@id":"https:\/\/www.acticontrole.fr\/PR58459-ovh\/#website"},"datePublished":"2021-07-16T12:45:46+00:00","dateModified":"2024-07-16T10:58:00+00:00","breadcrumb":{"@id":"https:\/\/www.acticontrole.fr\/PR58459-ovh\/index.php\/contact\/#breadcrumb"},"inLanguage":"fr-FR","potentialAction":[{"@type":"ReadAction","target":["https:\/\/www.acticontrole.fr\/PR58459-ovh\/index.php\/contact\/"]}]},{"@type":"BreadcrumbList","@id":"https:\/\/www.acticontrole.fr\/PR58459-ovh\/index.php\/contact\/#breadcrumb","itemListElement":[{"@type":"ListItem","position":1,"name":"Accueil","item":"https:\/\/www.acticontrole.fr\/PR58459-ovh\/"},{"@type":"ListItem","position":2,"name":"Contact"}]},{"@type":"WebSite","@id":"https:\/\/www.acticontrole.fr\/PR58459-ovh\/#website","url":"https:\/\/www.acticontrole.fr\/PR58459-ovh\/","name":"Acticontrole","description":"","potentialAction":[{"@type":"SearchAction","target":{"@type":"EntryPoint","urlTemplate":"https:\/\/www.acticontrole.fr\/PR58459-ovh\/?s={search_term_string}"},"query-input":"required name=search_term_string"}],"inLanguage":"fr-FR"}]}},"_links":{"self":[{"href":"https:\/\/www.acticontrole.fr\/PR58459-ovh\/index.php\/wp-json\/wp\/v2\/pages\/22"}],"collection":[{"href":"https:\/\/www.acticontrole.fr\/PR58459-ovh\/index.php\/wp-json\/wp\/v2\/pages"}],"about":[{"href":"https:\/\/www.acticontrole.fr\/PR58459-ovh\/index.php\/wp-json\/wp\/v2\/types\/page"}],"author":[{"embeddable":true,"href":"https:\/\/www.acticontrole.fr\/PR58459-ovh\/index.php\/wp-json\/wp\/v2\/users\/1"}],"replies":[{"embeddable":true,"href":"https:\/\/www.acticontrole.fr\/PR58459-ovh\/index.php\/wp-json\/wp\/v2\/comments?post=22"}],"version-history":[{"count":10,"href":"https:\/\/www.acticontrole.fr\/PR58459-ovh\/index.php\/wp-json\/wp\/v2\/pages\/22\/revisions"}],"predecessor-version":[{"id":102,"href":"https:\/\/www.acticontrole.fr\/PR58459-ovh\/index.php\/wp-json\/wp\/v2\/pages\/22\/revisions\/102"}],"wp:attachment":[{"href":"https:\/\/www.acticontrole.fr\/PR58459-ovh\/index.php\/wp-json\/wp\/v2\/media?parent=22"}],"curies":[{"name":"wp","href":"https:\/\/api.w.org\/{rel}","templated":true}]}}